{"id":1586,"date":"2019-06-06T03:49:46","date_gmt":"2019-06-06T03:49:46","guid":{"rendered":"https:\/\/ayalgrup.com\/?page_id=1586"},"modified":"2020-08-07T15:39:56","modified_gmt":"2020-08-07T15:39:56","slug":"hakkimizda","status":"publish","type":"page","link":"https:\/\/ayalgrup.com\/en\/hakkimizda\/","title":{"rendered":"Hakk\u0131m\u0131zda"},"content":{"rendered":"\n<p>AYAL GRUP LTD.\u015eT\u0130. olarak, gen\u00e7 dinamik ve cal\u0131\u015fkan kadrosu ile, hizmet ve \u00fcr\u00fcnlerini kuruldu\u011fu ilk g\u00fcnden itibaren lezzetli ve katk\u0131s\u0131z tereya\u011f\u0131n\u0131 sofralar\u0131n vazge\u00e7ilmezi haline getirmi\u015f, kalite ve g\u00fcvenden \u00f6d\u00fcn vermeden T\u00fcrk ekonomisinin lokomotiflerinden olmay\u0131 hedef edinmi\u015ftir <\/p>\n","protected":false},"excerpt":{"rendered":"<p>AYAL GRUP LTD.\u015eT\u0130. olarak, gen\u00e7 dinamik ve cal\u0131\u015fkan kadrosu ile, hizmet ve \u00fcr\u00fcnlerini kuruldu\u011fu ilk g\u00fcnden itibaren lezzetli ve katk\u0131s\u0131z tereya\u011f\u0131n\u0131 sofralar\u0131n vazge\u00e7ilmezi haline getirmi\u015f, kalite ve g\u00fcvenden \u00f6d\u00fcn vermeden T\u00fcrk ekonomisinin lokomotiflerinden olmay\u0131 hedef edinmi\u015ftir<\/p>\n","protected":false},"author":1,"featured_media":0,"parent":0,"menu_order":0,"comment_status":"closed","ping_status":"open","template":"","meta":{"footnotes":""},"class_list":["entry","author-ayalgrup","post-1586","page","type-page","status-publish"],"_links":{"self":[{"href":"https:\/\/ayalgrup.com\/en\/wp-json\/wp\/v2\/pages\/1586","targetHints":{"allow":["GET"]}}],"collection":[{"href":"https:\/\/ayalgrup.com\/en\/wp-json\/wp\/v2\/pages"}],"about":[{"href":"https:\/\/ayalgrup.com\/en\/wp-json\/wp\/v2\/types\/page"}],"author":[{"embeddable":true,"href":"https:\/\/ayalgrup.com\/en\/wp-json\/wp\/v2\/users\/1"}],"replies":[{"embeddable":true,"href":"https:\/\/ayalgrup.com\/en\/wp-json\/wp\/v2\/comments?post=1586"}],"version-history":[{"count":4,"href":"https:\/\/ayalgrup.com\/en\/wp-json\/wp\/v2\/pages\/1586\/revisions"}],"predecessor-version":[{"id":1953,"href":"https:\/\/ayalgrup.com\/en\/wp-json\/wp\/v2\/pages\/1586\/revisions\/1953"}],"wp:attachment":[{"href":"https:\/\/ayalgrup.com\/en\/wp-json\/wp\/v2\/media?parent=1586"}],"curies":[{"name":"wp","href":"https:\/\/api.w.org\/{rel}","templated":true}]}}