{"id":1588,"date":"2019-06-06T03:50:04","date_gmt":"2019-06-06T03:50:04","guid":{"rendered":"https:\/\/ayalgrup.com\/?page_id=1588"},"modified":"2021-08-13T13:17:10","modified_gmt":"2021-08-13T13:17:10","slug":"iletisim","status":"publish","type":"page","link":"https:\/\/ayalgrup.com\/en\/iletisim\/","title":{"rendered":"\u0130leti\u015fim"},"content":{"rendered":"\n<p class=\"has-text-align-center\">ayalgrup@ayalgrup.com<\/p>\n\n\n\n<p class=\"has-text-align-center\">Tel : 0224 413 31 00<\/p>\n\n\n\n<p class=\"has-text-align-center\">Gsm : 0542 652 90 87<\/p>\n\n\n\n<p class=\"has-text-align-center\"><a href=\"https:\/\/www.facebook.com\/moyter.tereyag\">Facebook\/Moyter Tereya\u011f<\/a><\/p>\n\n\n\n<p class=\"has-text-align-center\"><a href=\"https:\/\/instagram.com\/moytertereyag?igshid=156ovoiyqwgtc\">\u0130nstagram\/moytertereyag<\/a><\/p>\n\n\n\n<p class=\"has-text-align-center\">AYAL GRUP GIDA L\u0130M\u0130TED \u015e\u0130RKET\u0130<\/p>\n\n\n\n<p class=\"has-text-align-center\">Ertu\u011frul Mahallesi 114.(270) Sokak F Blok No:70\/1<\/p>\n\n\n\n<p class=\"has-text-align-center\">Nil\u00fcfer\/BURSA<\/p>\n","protected":false},"excerpt":{"rendered":"<p>ayalgrup@ayalgrup.com Tel : 0224 413 31 00 Gsm : 0542 652 90 87 Facebook\/Moyter Tereya\u011f \u0130nstagram\/moytertereyag AYAL GRUP GIDA L\u0130M\u0130TED \u015e\u0130RKET\u0130 Ertu\u011frul Mahallesi 114.(270) Sokak F Blok No:70\/1 Nil\u00fcfer\/BURSA<\/p>\n","protected":false},"author":1,"featured_media":0,"parent":0,"menu_order":0,"comment_status":"closed","ping_status":"open","template":"","meta":{"footnotes":""},"class_list":["entry","author-ayalgrup","post-1588","page","type-page","status-publish"],"_links":{"self":[{"href":"https:\/\/ayalgrup.com\/en\/wp-json\/wp\/v2\/pages\/1588","targetHints":{"allow":["GET"]}}],"collection":[{"href":"https:\/\/ayalgrup.com\/en\/wp-json\/wp\/v2\/pages"}],"about":[{"href":"https:\/\/ayalgrup.com\/en\/wp-json\/wp\/v2\/types\/page"}],"author":[{"embeddable":true,"href":"https:\/\/ayalgrup.com\/en\/wp-json\/wp\/v2\/users\/1"}],"replies":[{"embeddable":true,"href":"https:\/\/ayalgrup.com\/en\/wp-json\/wp\/v2\/comments?post=1588"}],"version-history":[{"count":6,"href":"https:\/\/ayalgrup.com\/en\/wp-json\/wp\/v2\/pages\/1588\/revisions"}],"predecessor-version":[{"id":2042,"href":"https:\/\/ayalgrup.com\/en\/wp-json\/wp\/v2\/pages\/1588\/revisions\/2042"}],"wp:attachment":[{"href":"https:\/\/ayalgrup.com\/en\/wp-json\/wp\/v2\/media?parent=1588"}],"curies":[{"name":"wp","href":"https:\/\/api.w.org\/{rel}","templated":true}]}}