{"id":1759,"date":"2019-06-06T14:52:16","date_gmt":"2019-06-06T14:52:16","guid":{"rendered":"https:\/\/ayalgrup.com\/?page_id=1759"},"modified":"2022-06-02T07:25:27","modified_gmt":"2022-06-02T07:25:27","slug":"tuzlu-tereyagi","status":"publish","type":"page","link":"https:\/\/ayalgrup.com\/en\/tuzlu-tereyagi\/","title":{"rendered":"Deniz Tuzlu Tereya\u011f\u0131"},"content":{"rendered":"\n<div class=\"wp-block-image\"><figure class=\"aligncenter size-full\"><img loading=\"lazy\" decoding=\"async\" width=\"1024\" height=\"682\" src=\"https:\/\/ayalgrup.com\/wp-content\/uploads\/2022\/06\/WhatsApp-Image-2022-06-02-at-10.00.12-8.jpeg\" alt=\"\" class=\"wp-image-2083\" srcset=\"https:\/\/ayalgrup.com\/wp-content\/uploads\/2022\/06\/WhatsApp-Image-2022-06-02-at-10.00.12-8.jpeg 1024w, https:\/\/ayalgrup.com\/wp-content\/uploads\/2022\/06\/WhatsApp-Image-2022-06-02-at-10.00.12-8-300x200.jpeg 300w, https:\/\/ayalgrup.com\/wp-content\/uploads\/2022\/06\/WhatsApp-Image-2022-06-02-at-10.00.12-8-768x512.jpeg 768w, https:\/\/ayalgrup.com\/wp-content\/uploads\/2022\/06\/WhatsApp-Image-2022-06-02-at-10.00.12-8-465x310.jpeg 465w, https:\/\/ayalgrup.com\/wp-content\/uploads\/2022\/06\/WhatsApp-Image-2022-06-02-at-10.00.12-8-695x463.jpeg 695w\" sizes=\"auto, (max-width: 1024px) 100vw, 1024px\" \/><figcaption><br><em>T\u00fcrkiye&#8217;de \u0130lk ve Tek Rafine Edilmemi\u015f Deniz Tuzlu Tereya\u011f\u0131<\/em><\/figcaption><\/figure><\/div>\n\n\n\n<div class=\"wp-block-group\"><div class=\"wp-block-group__inner-container is-layout-flow wp-block-group-is-layout-flow\">\n<div class=\"wp-block-image\"><figure class=\"aligncenter size-full\"><img loading=\"lazy\" decoding=\"async\" width=\"1024\" height=\"682\" src=\"https:\/\/ayalgrup.com\/wp-content\/uploads\/2022\/06\/WhatsApp-Image-2022-06-02-at-10.00.12-10.jpeg\" alt=\"\" class=\"wp-image-2084\" srcset=\"https:\/\/ayalgrup.com\/wp-content\/uploads\/2022\/06\/WhatsApp-Image-2022-06-02-at-10.00.12-10.jpeg 1024w, https:\/\/ayalgrup.com\/wp-content\/uploads\/2022\/06\/WhatsApp-Image-2022-06-02-at-10.00.12-10-300x200.jpeg 300w, https:\/\/ayalgrup.com\/wp-content\/uploads\/2022\/06\/WhatsApp-Image-2022-06-02-at-10.00.12-10-768x512.jpeg 768w, https:\/\/ayalgrup.com\/wp-content\/uploads\/2022\/06\/WhatsApp-Image-2022-06-02-at-10.00.12-10-465x310.jpeg 465w, https:\/\/ayalgrup.com\/wp-content\/uploads\/2022\/06\/WhatsApp-Image-2022-06-02-at-10.00.12-10-695x463.jpeg 695w\" sizes=\"auto, (max-width: 1024px) 100vw, 1024px\" \/><\/figure><\/div>\n<\/div><\/div>\n\n\n\n<div class=\"wp-block-group\"><div class=\"wp-block-group__inner-container is-layout-flow wp-block-group-is-layout-flow\">\n<div class=\"wp-block-group\"><div class=\"wp-block-group__inner-container is-layout-flow wp-block-group-is-layout-flow\"><\/div><\/div>\n\n\n\n<div class=\"wp-block-group\"><div class=\"wp-block-group__inner-container is-layout-flow wp-block-group-is-layout-flow\"><\/div><\/div>\n<\/div><\/div>\n","protected":false},"excerpt":{"rendered":"","protected":false},"author":1,"featured_media":0,"parent":0,"menu_order":0,"comment_status":"closed","ping_status":"closed","template":"","meta":{"footnotes":""},"class_list":["entry","author-ayalgrup","post-1759","page","type-page","status-publish"],"_links":{"self":[{"href":"https:\/\/ayalgrup.com\/en\/wp-json\/wp\/v2\/pages\/1759","targetHints":{"allow":["GET"]}}],"collection":[{"href":"https:\/\/ayalgrup.com\/en\/wp-json\/wp\/v2\/pages"}],"about":[{"href":"https:\/\/ayalgrup.com\/en\/wp-json\/wp\/v2\/types\/page"}],"author":[{"embeddable":true,"href":"https:\/\/ayalgrup.com\/en\/wp-json\/wp\/v2\/users\/1"}],"replies":[{"embeddable":true,"href":"https:\/\/ayalgrup.com\/en\/wp-json\/wp\/v2\/comments?post=1759"}],"version-history":[{"count":15,"href":"https:\/\/ayalgrup.com\/en\/wp-json\/wp\/v2\/pages\/1759\/revisions"}],"predecessor-version":[{"id":2085,"href":"https:\/\/ayalgrup.com\/en\/wp-json\/wp\/v2\/pages\/1759\/revisions\/2085"}],"wp:attachment":[{"href":"https:\/\/ayalgrup.com\/en\/wp-json\/wp\/v2\/media?parent=1759"}],"curies":[{"name":"wp","href":"https:\/\/api.w.org\/{rel}","templated":true}]}}