{"id":1784,"date":"2019-06-08T08:13:59","date_gmt":"2019-06-08T08:13:59","guid":{"rendered":"https:\/\/ayalgrup.com\/?page_id=1784"},"modified":"2020-08-05T16:15:27","modified_gmt":"2020-08-05T16:15:27","slug":"misyon","status":"publish","type":"page","link":"https:\/\/ayalgrup.com\/en\/misyon\/","title":{"rendered":"Misyon"},"content":{"rendered":"\n<p>\u00dcr\u00fcnlerimizi m\u00fc\u015fteri ve tedarik\u00e7ilerimizin bize olan g\u00fcvenlerini, inan\u00e7lar\u0131n\u0131 ve desteklerini her t\u00fcrl\u00fc zorlukta d\u00fcr\u00fcstl\u00fck ilkesinden taviz vermeden onurla gelece\u011fe ta\u015f\u0131makt\u0131r.<\/p>\n","protected":false},"excerpt":{"rendered":"<p>\u00dcr\u00fcnlerimizi m\u00fc\u015fteri ve tedarik\u00e7ilerimizin bize olan g\u00fcvenlerini, inan\u00e7lar\u0131n\u0131 ve desteklerini her t\u00fcrl\u00fc zorlukta d\u00fcr\u00fcstl\u00fck ilkesinden taviz vermeden onurla gelece\u011fe ta\u015f\u0131makt\u0131r.<\/p>\n","protected":false},"author":1,"featured_media":0,"parent":0,"menu_order":0,"comment_status":"closed","ping_status":"closed","template":"","meta":{"footnotes":""},"class_list":["entry","author-ayalgrup","post-1784","page","type-page","status-publish"],"_links":{"self":[{"href":"https:\/\/ayalgrup.com\/en\/wp-json\/wp\/v2\/pages\/1784","targetHints":{"allow":["GET"]}}],"collection":[{"href":"https:\/\/ayalgrup.com\/en\/wp-json\/wp\/v2\/pages"}],"about":[{"href":"https:\/\/ayalgrup.com\/en\/wp-json\/wp\/v2\/types\/page"}],"author":[{"embeddable":true,"href":"https:\/\/ayalgrup.com\/en\/wp-json\/wp\/v2\/users\/1"}],"replies":[{"embeddable":true,"href":"https:\/\/ayalgrup.com\/en\/wp-json\/wp\/v2\/comments?post=1784"}],"version-history":[{"count":3,"href":"https:\/\/ayalgrup.com\/en\/wp-json\/wp\/v2\/pages\/1784\/revisions"}],"predecessor-version":[{"id":1888,"href":"https:\/\/ayalgrup.com\/en\/wp-json\/wp\/v2\/pages\/1784\/revisions\/1888"}],"wp:attachment":[{"href":"https:\/\/ayalgrup.com\/en\/wp-json\/wp\/v2\/media?parent=1784"}],"curies":[{"name":"wp","href":"https:\/\/api.w.org\/{rel}","templated":true}]}}