{"id":1786,"date":"2019-06-08T08:14:30","date_gmt":"2019-06-08T08:14:30","guid":{"rendered":"https:\/\/ayalgrup.com\/?page_id=1786"},"modified":"2020-08-05T16:15:46","modified_gmt":"2020-08-05T16:15:46","slug":"vizyon","status":"publish","type":"page","link":"https:\/\/ayalgrup.com\/en\/vizyon\/","title":{"rendered":"Vizyon"},"content":{"rendered":"\n<p>\u00dcr\u00fcnlerimizi sa\u011fl\u0131kl\u0131, hijyenik, g\u00fcvenilir, ve kaliteden \u00f6d\u00fcn vermeden haz\u0131rlay\u0131p s\u00fcrd\u00fcrebilir lezzetimizi ulusal ve uluslararas\u0131 arenada sofralara sunmakt\u0131r<\/p>\n","protected":false},"excerpt":{"rendered":"<p>\u00dcr\u00fcnlerimizi sa\u011fl\u0131kl\u0131, hijyenik, g\u00fcvenilir, ve kaliteden \u00f6d\u00fcn vermeden haz\u0131rlay\u0131p s\u00fcrd\u00fcrebilir lezzetimizi ulusal ve uluslararas\u0131 arenada sofralara sunmakt\u0131r<\/p>\n","protected":false},"author":1,"featured_media":0,"parent":0,"menu_order":0,"comment_status":"closed","ping_status":"closed","template":"","meta":{"footnotes":""},"class_list":["entry","author-ayalgrup","post-1786","page","type-page","status-publish"],"_links":{"self":[{"href":"https:\/\/ayalgrup.com\/en\/wp-json\/wp\/v2\/pages\/1786","targetHints":{"allow":["GET"]}}],"collection":[{"href":"https:\/\/ayalgrup.com\/en\/wp-json\/wp\/v2\/pages"}],"about":[{"href":"https:\/\/ayalgrup.com\/en\/wp-json\/wp\/v2\/types\/page"}],"author":[{"embeddable":true,"href":"https:\/\/ayalgrup.com\/en\/wp-json\/wp\/v2\/users\/1"}],"replies":[{"embeddable":true,"href":"https:\/\/ayalgrup.com\/en\/wp-json\/wp\/v2\/comments?post=1786"}],"version-history":[{"count":3,"href":"https:\/\/ayalgrup.com\/en\/wp-json\/wp\/v2\/pages\/1786\/revisions"}],"predecessor-version":[{"id":1889,"href":"https:\/\/ayalgrup.com\/en\/wp-json\/wp\/v2\/pages\/1786\/revisions\/1889"}],"wp:attachment":[{"href":"https:\/\/ayalgrup.com\/en\/wp-json\/wp\/v2\/media?parent=1786"}],"curies":[{"name":"wp","href":"https:\/\/api.w.org\/{rel}","templated":true}]}}