{"id":1788,"date":"2019-06-08T08:15:03","date_gmt":"2019-06-08T08:15:03","guid":{"rendered":"https:\/\/ayalgrup.com\/?page_id=1788"},"modified":"2021-05-04T14:24:48","modified_gmt":"2021-05-04T14:24:48","slug":"kalite","status":"publish","type":"page","link":"https:\/\/ayalgrup.com\/en\/kalite\/","title":{"rendered":"Kalite"},"content":{"rendered":"\n<p><\/p>\n\n\n\n<p>G\u0131da, Tar\u0131m ve Hayvanc\u0131l\u0131k Bakanl\u0131\u011f\u0131n\u0131n t\u00fcm muayene ve analizlerinde uygunlu\u011funu kan\u0131tlam\u0131\u015f ve G\u0131da G\u00fcvenli\u011fi Standartlar\u0131nda \u00fcretim faaliyetlerine devam etmektedir<\/p>\n","protected":false},"excerpt":{"rendered":"<p>G\u0131da, Tar\u0131m ve Hayvanc\u0131l\u0131k Bakanl\u0131\u011f\u0131n\u0131n t\u00fcm muayene ve analizlerinde uygunlu\u011funu kan\u0131tlam\u0131\u015f ve G\u0131da G\u00fcvenli\u011fi Standartlar\u0131nda \u00fcretim faaliyetlerine devam etmektedir<\/p>\n","protected":false},"author":1,"featured_media":0,"parent":0,"menu_order":0,"comment_status":"closed","ping_status":"closed","template":"","meta":{"footnotes":""},"class_list":["entry","author-ayalgrup","post-1788","page","type-page","status-publish"],"_links":{"self":[{"href":"https:\/\/ayalgrup.com\/en\/wp-json\/wp\/v2\/pages\/1788","targetHints":{"allow":["GET"]}}],"collection":[{"href":"https:\/\/ayalgrup.com\/en\/wp-json\/wp\/v2\/pages"}],"about":[{"href":"https:\/\/ayalgrup.com\/en\/wp-json\/wp\/v2\/types\/page"}],"author":[{"embeddable":true,"href":"https:\/\/ayalgrup.com\/en\/wp-json\/wp\/v2\/users\/1"}],"replies":[{"embeddable":true,"href":"https:\/\/ayalgrup.com\/en\/wp-json\/wp\/v2\/comments?post=1788"}],"version-history":[{"count":5,"href":"https:\/\/ayalgrup.com\/en\/wp-json\/wp\/v2\/pages\/1788\/revisions"}],"predecessor-version":[{"id":2015,"href":"https:\/\/ayalgrup.com\/en\/wp-json\/wp\/v2\/pages\/1788\/revisions\/2015"}],"wp:attachment":[{"href":"https:\/\/ayalgrup.com\/en\/wp-json\/wp\/v2\/media?parent=1788"}],"curies":[{"name":"wp","href":"https:\/\/api.w.org\/{rel}","templated":true}]}}